{"id":217,"date":"2020-02-06T14:56:20","date_gmt":"2020-02-06T13:56:20","guid":{"rendered":"http:\/\/be-thermiclim.fr\/?page_id=217"},"modified":"2022-11-28T11:07:08","modified_gmt":"2022-11-28T10:07:08","slug":"qualifications","status":"publish","type":"page","link":"http:\/\/be-thermiclim.fr\/index.php\/qualifications\/","title":{"rendered":"Qualifications"},"content":{"rendered":"\n<div class=\"wp-block-columns has-2-columns\">\n<div class=\"wp-block-column\">\n<h3>Label E+C<\/h3>\n\n\n\n<p><strong>Un label pour contribuer \u00e0 la lutte contre le changement climatique pour la construction neuve<\/strong><br><br>Afin de g\u00e9n\u00e9raliser les bpatiments \u00e0 \u00e9nergie positive et \u00e0 faible empreinte carbone, l&rsquo;\u00c9tat a lanc\u00e9 un label volontaire d\u00e9di\u00e9 \u00e0 la valorisation de ces deux objectifs : le <strong>Label \u00c9nergie + Carbone<\/strong> (E+C)<br><br><a href=\"https:\/\/www.ademe.fr\/expertises\/batiment\/passer-a-laction\/labels-signes-qualite\/programme-objectif-batiment-energie-carbone\">Plus d&rsquo;info ici<\/a><br><a href=\"https:\/\/www.ecologique-solidaire.gouv.fr\/batiment-energie-positive-et-reduction-carbone\">Site du minist\u00e8re<\/a><\/p>\n<\/div>\n\n\n\n<div class=\"wp-block-column\">\n<div class=\"wp-block-image\"><figure class=\"aligncenter\"><img loading=\"lazy\" width=\"102\" height=\"170\" src=\"http:\/\/be-thermiclim.fr\/wp-content\/uploads\/2020\/05\/386280951-LogoEC-certifie-avecdate.png\" alt=\"\" class=\"wp-image-401\"\/><\/figure><\/div>\n<\/div>\n<\/div>\n\n\n\n<div style=\"height:50px\" aria-hidden=\"true\" class=\"wp-block-spacer\"><\/div>\n\n\n\n<h3>Nos qualifications<\/h3>\n\n\n\n<ul><li>Pratique du droit \u00e0 titre accessoire n\u00e9cessaire \u00e0 l&rsquo;activit\u00e9 principale \u2014 Formation Coordonnateur en syst\u00e8me de s\u00e9curit\u00e9 incendie<\/li><li>Formation Diagnostic Techniques des B\u00e2timents<\/li><li>Certificat de comp\u00e9tence d&rsquo;Ing\u00e9nieur Professionnel<\/li><li>Formation Bois \u00c9nergie dans le collectif et le tertiaire : comment accompagner les projets \u2014 Formation sur la \u00ab\u00a0R\u00e9novation \u00c9nerg\u00e9tique\u00a0\u00bb<\/li><li>Formation \u00ab\u00a0Expert en R\u00e9novation \u00c9nerg\u00e9tique\u00a0\u00bb<\/li><li>Encadrement technique \u00e0 la pr\u00e9vention du risque d&rsquo;amiante<\/li><li>Certificat \u00ab\u00a0Diagnostic de Performance \u00c9nerg\u00e9tique\u00a0\u00bb<\/li><li>Formation \u00ab\u00a0Bilan carbone : acquisition des bases de la m\u00e9thode V7\u00a0\u00bb<\/li><li>Formation \u00ab\u00a0Calcul de charges thermiques et trac\u00e9 \/ dimensionnement CVC\u00a0\u00bb \u2014 Formation \u00ab\u00a0Simulation thermique dynamique\u00a0\u00bb<\/li><\/ul>\n\n\n\n<div style=\"height:50px\" aria-hidden=\"true\" class=\"wp-block-spacer\"><\/div>\n\n\n\n<h3>OPQIBI<\/h3>\n\n\n\n<ul><li>0331 : Direction de l\u2019exe\u0301cution des travaux<\/li><li><strong>0902 : Ma\u00eetrise d&rsquo;oeuvre en d\u00e9samiantage<\/strong><\/li><li>1309 : Etude d\u2019installations sanitaires et d\u2019assainissement courantes<\/li><li>1312 : Etudes d\u2019installations courantes de chauffage et de VMC<\/li><li>1333 Etude ACV b\u00e2timents neufs<\/li><li>1601 \u00c9tude en acoustique<\/li><li>1921 Ing\u00e9nierie d\u2019ouvrages de b\u00e2timent dans le cadre de projets d\u00e9velopp\u00e9s en BIM<\/li><li>2202 Ma\u00eetrise des co\u00fbts en phase conception et de r\u00e9alisation<br><\/li><\/ul>\n\n\n\n<div style=\"height:30px\" aria-hidden=\"true\" class=\"wp-block-spacer\"><\/div>\n\n\n\n<div class=\"wp-block-image\"><figure class=\"aligncenter\"><img loading=\"lazy\" width=\"250\" height=\"100\" src=\"http:\/\/be-thermiclim.fr\/wp-content\/uploads\/2020\/02\/logo-opqibi-250x100.png\" alt=\"\" class=\"wp-image-219\" srcset=\"http:\/\/be-thermiclim.fr\/wp-content\/uploads\/2020\/02\/logo-opqibi-250x100.png 250w, http:\/\/be-thermiclim.fr\/wp-content\/uploads\/2020\/02\/logo-opqibi-768x308.png 768w, http:\/\/be-thermiclim.fr\/wp-content\/uploads\/2020\/02\/logo-opqibi-700x281.png 700w, http:\/\/be-thermiclim.fr\/wp-content\/uploads\/2020\/02\/logo-opqibi-120x48.png 120w, http:\/\/be-thermiclim.fr\/wp-content\/uploads\/2020\/02\/logo-opqibi.png 801w\" sizes=\"(max-width: 250px) 100vw, 250px\" \/><\/figure><\/div>\n","protected":false},"excerpt":{"rendered":"Label E+C Un label pour contribuer \u00e0 la lutte contre le changement climatique pour la construction neuve Afin de g\u00e9n\u00e9raliser les bpatiments \u00e0 \u00e9nergie positive et \u00e0 faible empreinte carbone, l&rsquo;\u00c9tat a lanc\u00e9 un label volontaire d\u00e9di\u00e9 \u00e0 la valorisation de ces deux objectifs : le Label \u00c9nergie + Carbone (E+C) Plus d&rsquo;info iciSite du&#8230; <a class=\"view-article\" href=\"http:\/\/be-thermiclim.fr\/index.php\/qualifications\/\">Voir l&rsquo;article<\/a>","protected":false},"author":1,"featured_media":0,"parent":0,"menu_order":0,"comment_status":"closed","ping_status":"closed","template":"","meta":[],"yoast_head":"<!-- This site is optimized with the Yoast SEO plugin v15.5 - https:\/\/yoast.com\/wordpress\/plugins\/seo\/ -->\n<meta name=\"robots\" content=\"index, follow, max-snippet:-1, max-image-preview:large, max-video-preview:-1\" \/>\n<link rel=\"canonical\" href=\"http:\/\/be-thermiclim.fr\/index.php\/qualifications\/\" \/>\n<meta property=\"og:locale\" content=\"fr_FR\" \/>\n<meta property=\"og:type\" content=\"article\" \/>\n<meta property=\"og:title\" content=\"Qualifications - Thermi Clim\" \/>\n<meta property=\"og:description\" content=\"Label E+C Un label pour contribuer \u00e0 la lutte contre le changement climatique pour la construction neuve Afin de g\u00e9n\u00e9raliser les bpatiments \u00e0 \u00e9nergie positive et \u00e0 faible empreinte carbone, l&rsquo;\u00c9tat a lanc\u00e9 un label volontaire d\u00e9di\u00e9 \u00e0 la valorisation de ces deux objectifs : le Label \u00c9nergie + Carbone (E+C) Plus d&rsquo;info iciSite du... Voir l&#039;article\" \/>\n<meta property=\"og:url\" content=\"http:\/\/be-thermiclim.fr\/index.php\/qualifications\/\" \/>\n<meta property=\"og:site_name\" content=\"Thermi Clim\" \/>\n<meta property=\"article:modified_time\" content=\"2022-11-28T10:07:08+00:00\" \/>\n<meta property=\"og:image\" content=\"http:\/\/be-thermiclim.fr\/wp-content\/uploads\/2020\/05\/386280951-LogoEC-certifie-avecdate.png\" \/>\n<meta name=\"twitter:card\" content=\"summary_large_image\" \/>\n<meta name=\"twitter:label1\" content=\"Dur\u00e9e de lecture est.\">\n\t<meta name=\"twitter:data1\" content=\"1 minute\">\n<script type=\"application\/ld+json\" class=\"yoast-schema-graph\">{\"@context\":\"https:\/\/schema.org\",\"@graph\":[{\"@type\":\"WebSite\",\"@id\":\"http:\/\/be-thermiclim.fr\/#website\",\"url\":\"http:\/\/be-thermiclim.fr\/\",\"name\":\"Thermi Clim\",\"description\":\"\",\"potentialAction\":[{\"@type\":\"SearchAction\",\"target\":\"http:\/\/be-thermiclim.fr\/?s={search_term_string}\",\"query-input\":\"required name=search_term_string\"}],\"inLanguage\":\"fr-FR\"},{\"@type\":\"ImageObject\",\"@id\":\"http:\/\/be-thermiclim.fr\/index.php\/qualifications\/#primaryimage\",\"inLanguage\":\"fr-FR\",\"url\":\"http:\/\/be-thermiclim.fr\/wp-content\/uploads\/2020\/05\/386280951-LogoEC-certifie-avecdate.png\",\"width\":102,\"height\":170},{\"@type\":\"WebPage\",\"@id\":\"http:\/\/be-thermiclim.fr\/index.php\/qualifications\/#webpage\",\"url\":\"http:\/\/be-thermiclim.fr\/index.php\/qualifications\/\",\"name\":\"Qualifications - Thermi Clim\",\"isPartOf\":{\"@id\":\"http:\/\/be-thermiclim.fr\/#website\"},\"primaryImageOfPage\":{\"@id\":\"http:\/\/be-thermiclim.fr\/index.php\/qualifications\/#primaryimage\"},\"datePublished\":\"2020-02-06T13:56:20+00:00\",\"dateModified\":\"2022-11-28T10:07:08+00:00\",\"inLanguage\":\"fr-FR\",\"potentialAction\":[{\"@type\":\"ReadAction\",\"target\":[\"http:\/\/be-thermiclim.fr\/index.php\/qualifications\/\"]}]}]}<\/script>\n<!-- \/ Yoast SEO plugin. -->","_links":{"self":[{"href":"http:\/\/be-thermiclim.fr\/index.php\/wp-json\/wp\/v2\/pages\/217"}],"collection":[{"href":"http:\/\/be-thermiclim.fr\/index.php\/wp-json\/wp\/v2\/pages"}],"about":[{"href":"http:\/\/be-thermiclim.fr\/index.php\/wp-json\/wp\/v2\/types\/page"}],"author":[{"embeddable":true,"href":"http:\/\/be-thermiclim.fr\/index.php\/wp-json\/wp\/v2\/users\/1"}],"replies":[{"embeddable":true,"href":"http:\/\/be-thermiclim.fr\/index.php\/wp-json\/wp\/v2\/comments?post=217"}],"version-history":[{"count":10,"href":"http:\/\/be-thermiclim.fr\/index.php\/wp-json\/wp\/v2\/pages\/217\/revisions"}],"predecessor-version":[{"id":1434,"href":"http:\/\/be-thermiclim.fr\/index.php\/wp-json\/wp\/v2\/pages\/217\/revisions\/1434"}],"wp:attachment":[{"href":"http:\/\/be-thermiclim.fr\/index.php\/wp-json\/wp\/v2\/media?parent=217"}],"curies":[{"name":"wp","href":"https:\/\/api.w.org\/{rel}","templated":true}]}}